{"id":599,"date":"2024-07-17T17:48:54","date_gmt":"2024-07-17T17:48:54","guid":{"rendered":"https:\/\/wonderbee.me\/?page_id=599"},"modified":"2024-07-18T15:55:51","modified_gmt":"2024-07-18T15:55:51","slug":"privacy-policy","status":"publish","type":"page","link":"https:\/\/wonderbee.me\/pt\/privacy-policy\/","title":{"rendered":"Pol\u00edtica de privacidade"},"content":{"rendered":"<p id=\"bkmrk-last-updated%3A-17-jul\">\u00daltima actualiza\u00e7\u00e3o: 18 Julho, 2024<\/p>\n\n\n\n<p id=\"bkmrk-c%C3%A1tia-silva-operates\">A Wonderbee gere o Website Wonderbee.<\/p>\n\n\n\n<p id=\"bkmrk-this-page-informs-yo\">Esta p\u00e1gina informa-o sobre as nossas pol\u00edticas relativas \u00e0 recolha, utiliza\u00e7\u00e3o e divulga\u00e7\u00e3o de informa\u00e7\u00f5es pessoais quando utiliza o nosso servi\u00e7o.<\/p>\n\n\n\n<p id=\"bkmrk-i-will-not-use-or-sh\">N\u00e3o utilizaremos nem partilharemos as suas informa\u00e7\u00f5es com ningu\u00e9m, excepto conforme descrito na presente Pol\u00edtica de Privacidade.<\/p>\n\n\n\n<p id=\"bkmrk-i-use-your-personal-\">Utilizamos as suas informa\u00e7\u00f5es pessoais para fornecer e melhorar o nosso servi\u00e7o. Ao utiliz\u00e1-lo, concorda com a recolha e utiliza\u00e7\u00e3o de informa\u00e7\u00f5es de acordo com esta pol\u00edtica.<\/p>\n\n\n\n<h4 class=\"wp-block-heading\" id=\"bkmrk-information-collecti\"><strong>Recolha e utiliza\u00e7\u00e3o de informa\u00e7\u00f5es<\/strong><\/h4>\n\n\n\n<p id=\"bkmrk-while-using-my-servi\">Ao utilizar o nosso servi\u00e7o, podemos pedir-lhe que forne\u00e7a determinadas informa\u00e7\u00f5es de identifica\u00e7\u00e3o pessoal que podem ser utilizadas para o contactar ou identificar. As informa\u00e7\u00f5es de identifica\u00e7\u00e3o pessoal podem incluir, mas n\u00e3o se limitam a:<\/p>\n\n\n\n<ul id=\"bkmrk-name-email-address\" class=\"wp-block-list\">\n<li>Nome<\/li>\n\n\n\n<li>Endere\u00e7o de Email<\/li>\n<\/ul>\n\n\n\n<h4 class=\"wp-block-heading\"><strong>Transfer\u00eancia\/armazenamento de imagens e endere\u00e7o<\/strong><\/h4>\n\n\n\n<p>Para criar e enviar um dos nossos produtos, s\u00e3o normalmente necess\u00e1rios os seguintes ficheiros\/dados:<\/p>\n\n\n\n<ul class=\"wp-block-list\">\n<li>Fotografias\/imagens<\/li>\n\n\n\n<li>Endere\u00e7o<\/li>\n<\/ul>\n\n\n\n<p>Utilizamos o Wonderbee Files (\u00a9 ProjectSend) onde podemos partilhar ficheiros e onde o cliente tem total controlo sobre os mesmos. Os Wonderbee Files ser\u00e3o geridos por mim e todos os dados ser\u00e3o guardados durante o processo de realiza\u00e7\u00e3o do produto, mas ser\u00e3o eliminados ap\u00f3s a entrega do trabalho final.<\/p>\n\n\n\n<h4 class=\"wp-block-heading\" id=\"bkmrk-log-data\"><strong>Dados de registo<\/strong><\/h4>\n\n\n\n<p id=\"bkmrk-i-collect-informatio\">Recolhemos informa\u00e7\u00f5es que o seu browser envia sempre que visita o nosso servi\u00e7o. Estes dados de registo podem incluir informa\u00e7\u00f5es como o endere\u00e7o de Protocolo Internet (\u201cIP\u201d) do seu computador, o tipo de browser, a vers\u00e3o do browser, as p\u00e1ginas do nosso servi\u00e7o que visita, a hora e a data da sua visita, o tempo passado nessas p\u00e1ginas e outras estat\u00edsticas.<\/p>\n\n\n\n<h4 class=\"wp-block-heading\" id=\"bkmrk-cookies\"><strong>Cookies<\/strong><\/h4>\n\n\n\n<p id=\"bkmrk-cookies-are-files-wi\">Os cookies s\u00e3o ficheiros com uma pequena quantidade de dados, que podem incluir um identificador \u00fanico an\u00f3nimo. Os cookies s\u00e3o enviados para o seu browser a partir de um s\u00edtio Web e armazenados no disco r\u00edgido do seu computador.<\/p>\n\n\n\n<h4 class=\"wp-block-heading\" id=\"bkmrk-service-providers\"><strong>Prestadores de servi\u00e7os<\/strong><\/h4>\n\n\n\n<p id=\"bkmrk-we-may-employ-third-\">Podemos empregar empresas e indiv\u00edduos terceiros para facilitar o nosso Servi\u00e7o, para fornecer o Servi\u00e7o em nosso nome, para efectuar servi\u00e7os relacionados com o Servi\u00e7o ou para nos ajudar a analisar a forma como o nosso Servi\u00e7o \u00e9 utilizado.<\/p>\n\n\n\n<p id=\"bkmrk-these-third-parties-\">Estes terceiros t\u00eam acesso \u00e0s suas Informa\u00e7\u00f5es Pessoais apenas para realizar estas tarefas em nosso nome e s\u00e3o obrigados a n\u00e3o as divulgar ou utilizar para qualquer outro fim.<\/p>\n\n\n\n<h4 class=\"wp-block-heading\" id=\"bkmrk-security\"><strong>Seguran\u00e7a<\/strong><\/h4>\n\n\n\n<p id=\"bkmrk-the-security-of-your\">A seguran\u00e7a das suas Informa\u00e7\u00f5es Pessoais \u00e9 importante para n\u00f3s, mas lembre-se que nenhum m\u00e9todo de transmiss\u00e3o atrav\u00e9s da Internet ou m\u00e9todo de armazenamento eletr\u00f3nico \u00e9 100% seguro.<\/p>\n\n\n\n<h4 class=\"wp-block-heading\" id=\"bkmrk-links-to-other-sites\"><strong>Liga\u00e7\u00f5es para outros Sites<\/strong><\/h4>\n\n\n\n<p id=\"bkmrk-my-service-may-conta\">O nosso servi\u00e7o pode conter liga\u00e7\u00f5es a outros s\u00edtios que n\u00e3o s\u00e3o operados por n\u00f3s. Se clicar numa liga\u00e7\u00e3o de terceiros, ser\u00e1 direcionado para o s\u00edtio desses terceiros. Aconselhamos vivamente o utilizador a rever a Pol\u00edtica de Privacidade de todos os s\u00edtios que visitar.<\/p>\n\n\n\n<p id=\"bkmrk-i-have-no-control-ov\">N\u00e3o temos qualquer controlo e n\u00e3o assumimos qualquer responsabilidade pelo conte\u00fado, pol\u00edticas de privacidade ou pr\u00e1ticas de quaisquer sites ou servi\u00e7os de terceiros.<\/p>\n\n\n\n<h4 class=\"wp-block-heading\" id=\"bkmrk-children%27s-privacy\"><strong>Privacidade das crian\u00e7as<\/strong><\/h4>\n\n\n\n<p id=\"bkmrk-my-service-does-not-\">O nosso servi\u00e7o n\u00e3o se dirige a pessoas com menos de 18 anos (\u201cCrian\u00e7as\u201d).<\/p>\n\n\n\n<p id=\"bkmrk-i-do-not-knowingly-c\">N\u00e3o recolhemos intencionalmente informa\u00e7\u00f5es pessoais identific\u00e1veis de crian\u00e7as com menos de 18 anos. Se for pai ou tutor e tiver conhecimento de que o seu filho nos forneceu Informa\u00e7\u00f5es Pessoais, contacte-nos. Se descobrirmos que uma crian\u00e7a com menos de 18 anos forneceu Informa\u00e7\u00f5es Pessoais, eliminaremos imediatamente essas informa\u00e7\u00f5es dos nossos servidores.<\/p>\n\n\n\n<h4 class=\"wp-block-heading\" id=\"bkmrk-compliance-with-laws\"><strong>Conformidade com a legisla\u00e7\u00e3o<\/strong><\/h4>\n\n\n\n<p id=\"bkmrk-i-will-disclose-your\">Divulgaremos as suas Informa\u00e7\u00f5es Pessoais quando tal for exigido por lei ou intima\u00e7\u00e3o.<\/p>\n\n\n\n<h4 class=\"wp-block-heading\" id=\"bkmrk-changes-to-this-priv\"><strong>Altera\u00e7\u00f5es a esta pol\u00edtica de privacidade<\/strong><\/h4>\n\n\n\n<p>A nossa Pol\u00edtica de Privacidade pode ser actualizada periodicamente. Iremos notifica-lo de quaisquer altera\u00e7\u00f5es, publicando a nova Pol\u00edtica de Privacidade nesta p\u00e1gina.<\/p>\n\n\n\n<p id=\"bkmrk-you-are-advised-to-r\">Aconselhamos o utilizador a rever periodicamente esta Pol\u00edtica de Privacidade para verificar se existem altera\u00e7\u00f5es. As altera\u00e7\u00f5es a esta Pol\u00edtica de Privacidade entram em vigor quando s\u00e3o publicadas nesta p\u00e1gina.<\/p>\n\n\n\n<h4 class=\"wp-block-heading\" id=\"bkmrk-contact-me\"><strong>Contact me<\/strong><\/h4>\n\n\n\n<p id=\"bkmrk-if-you-have-any-ques\">Se tiver alguma d\u00favida sobre esta Pol\u00edtica de Privacidade, contacte-nos.<\/p>\n<div class=\"remoji_bar\"><div class=\"remoji_add_container\" data-remoji-id=\"599\" data-remoji-type=\"post\"><div class=\"remoji_add_icon\"><\/div><\/div><div class=\"remoji_error_bar\" data-remoji-id=\"599\" data-remoji-type=\"post\" style=\"display: none;\">Error happened.<\/div><\/div>","protected":false},"excerpt":{"rendered":"<p>Last updated: 18 July, 2024 Wonderbee operates the Wonderbee website. This page informs you of our policies regarding the collection, use and disclosure of Personal Information when you use our service. We will not use or share your information with anyone except as described in this Privacy Policy. We use your Personal Information for providing [&hellip;]<\/p>","protected":false},"author":1,"featured_media":0,"parent":0,"menu_order":0,"comment_status":"closed","ping_status":"closed","template":"","meta":{"_siteseo_robots_primary_cat":"","_themeisle_gutenberg_block_has_review":false,"_glsr_average":0,"_glsr_ranking":0,"_glsr_reviews":0,"footnotes":""},"class_list":["post-599","page","type-page","status-publish","hentry"],"_links":{"self":[{"href":"https:\/\/wonderbee.me\/pt\/wp-json\/wp\/v2\/pages\/599"}],"collection":[{"href":"https:\/\/wonderbee.me\/pt\/wp-json\/wp\/v2\/pages"}],"about":[{"href":"https:\/\/wonderbee.me\/pt\/wp-json\/wp\/v2\/types\/page"}],"author":[{"embeddable":true,"href":"https:\/\/wonderbee.me\/pt\/wp-json\/wp\/v2\/users\/1"}],"replies":[{"embeddable":true,"href":"https:\/\/wonderbee.me\/pt\/wp-json\/wp\/v2\/comments?post=599"}],"version-history":[{"count":0,"href":"https:\/\/wonderbee.me\/pt\/wp-json\/wp\/v2\/pages\/599\/revisions"}],"wp:attachment":[{"href":"https:\/\/wonderbee.me\/pt\/wp-json\/wp\/v2\/media?parent=599"}],"curies":[{"name":"wp","href":"https:\/\/api.w.org\/{rel}","templated":true}]}}